{"id":9866,"date":"2024-08-05T20:38:19","date_gmt":"2024-08-05T20:38:19","guid":{"rendered":"https:\/\/www.caitec.org\/w\/?page_id=9866"},"modified":"2024-08-05T20:44:52","modified_gmt":"2024-08-05T20:44:52","slug":"cursos","status":"publish","type":"page","link":"https:\/\/www.caitec.org\/w\/cursos\/","title":{"rendered":"Cursos"},"content":{"rendered":"\t\t<div data-elementor-type=\"wp-page\" data-elementor-id=\"9866\" class=\"elementor elementor-9866\" data-elementor-post-type=\"page\">\n\t\t\t\t\t\t<section class=\"elementor-section elementor-top-section elementor-element elementor-element-af73f23 elementor-section-boxed elementor-section-height-default elementor-section-height-default\" data-id=\"af73f23\" data-element_type=\"section\">\n\t\t\t\t\t\t<div class=\"elementor-container elementor-column-gap-default\">\n\t\t\t\t\t<div class=\"elementor-column elementor-col-33 elementor-top-column elementor-element elementor-element-9fd2a51\" data-id=\"9fd2a51\" data-element_type=\"column\">\n\t\t\t<div class=\"elementor-widget-wrap elementor-element-populated\">\n\t\t\t\t\t\t<div class=\"elementor-element elementor-element-053757c elementor-widget elementor-widget-image\" data-id=\"053757c\" data-element_type=\"widget\" data-widget_type=\"image.default\">\n\t\t\t\t<div class=\"elementor-widget-container\">\n\t\t\t\t\t\t\t\t\t\t\t\t\t\t\t<img fetchpriority=\"high\" decoding=\"async\" width=\"357\" height=\"219\" src=\"https:\/\/www.caitec.org\/w\/wp-content\/uploads\/2024\/08\/03-intro.jpg\" class=\"attachment-large size-large wp-image-9868\" alt=\"\" srcset=\"https:\/\/www.caitec.org\/w\/wp-content\/uploads\/2024\/08\/03-intro.jpg 357w, https:\/\/www.caitec.org\/w\/wp-content\/uploads\/2024\/08\/03-intro-300x184.jpg 300w\" sizes=\"(max-width: 357px) 100vw, 357px\" \/>\t\t\t\t\t\t\t\t\t\t\t\t\t\t\t<\/div>\n\t\t\t\t<\/div>\n\t\t\t\t\t<\/div>\n\t\t<\/div>\n\t\t\t\t<div class=\"elementor-column elementor-col-33 elementor-top-column elementor-element elementor-element-55b546c\" data-id=\"55b546c\" data-element_type=\"column\">\n\t\t\t<div class=\"elementor-widget-wrap elementor-element-populated\">\n\t\t\t\t\t\t<div class=\"elementor-element elementor-element-bca25a6 elementor-widget elementor-widget-image\" data-id=\"bca25a6\" data-element_type=\"widget\" data-widget_type=\"image.default\">\n\t\t\t\t<div class=\"elementor-widget-container\">\n\t\t\t\t\t\t\t\t\t\t\t\t\t\t\t<img decoding=\"async\" width=\"357\" height=\"219\" src=\"https:\/\/www.caitec.org\/w\/wp-content\/uploads\/2024\/08\/com-ext-mini.jpg\" class=\"attachment-large size-large wp-image-9872\" alt=\"\" srcset=\"https:\/\/www.caitec.org\/w\/wp-content\/uploads\/2024\/08\/com-ext-mini.jpg 357w, https:\/\/www.caitec.org\/w\/wp-content\/uploads\/2024\/08\/com-ext-mini-300x184.jpg 300w\" sizes=\"(max-width: 357px) 100vw, 357px\" \/>\t\t\t\t\t\t\t\t\t\t\t\t\t\t\t<\/div>\n\t\t\t\t<\/div>\n\t\t\t\t\t<\/div>\n\t\t<\/div>\n\t\t\t\t<div class=\"elementor-column elementor-col-33 elementor-top-column elementor-element elementor-element-0780b83\" data-id=\"0780b83\" data-element_type=\"column\">\n\t\t\t<div class=\"elementor-widget-wrap elementor-element-populated\">\n\t\t\t\t\t\t<div class=\"elementor-element elementor-element-a612be1 elementor-widget elementor-widget-image\" data-id=\"a612be1\" data-element_type=\"widget\" data-widget_type=\"image.default\">\n\t\t\t\t<div class=\"elementor-widget-container\">\n\t\t\t\t\t\t\t\t\t\t\t\t\t\t\t<img decoding=\"async\" width=\"357\" height=\"219\" src=\"https:\/\/www.caitec.org\/w\/wp-content\/uploads\/2024\/08\/log-adm-mini.jpg\" class=\"attachment-large size-large wp-image-9876\" alt=\"\" srcset=\"https:\/\/www.caitec.org\/w\/wp-content\/uploads\/2024\/08\/log-adm-mini.jpg 357w, https:\/\/www.caitec.org\/w\/wp-content\/uploads\/2024\/08\/log-adm-mini-300x184.jpg 300w\" sizes=\"(max-width: 357px) 100vw, 357px\" \/>\t\t\t\t\t\t\t\t\t\t\t\t\t\t\t<\/div>\n\t\t\t\t<\/div>\n\t\t\t\t\t<\/div>\n\t\t<\/div>\n\t\t\t\t\t<\/div>\n\t\t<\/section>\n\t\t\t\t<section class=\"elementor-section elementor-top-section elementor-element elementor-element-56bf17e elementor-section-boxed elementor-section-height-default elementor-section-height-default\" data-id=\"56bf17e\" data-element_type=\"section\">\n\t\t\t\t\t\t<div class=\"elementor-container elementor-column-gap-default\">\n\t\t\t\t\t<div class=\"elementor-column elementor-col-33 elementor-top-column elementor-element elementor-element-89b6eef\" data-id=\"89b6eef\" data-element_type=\"column\">\n\t\t\t<div class=\"elementor-widget-wrap elementor-element-populated\">\n\t\t\t\t\t\t<div class=\"elementor-element elementor-element-4c37320 elementor-widget elementor-widget-text-editor\" data-id=\"4c37320\" data-element_type=\"widget\" data-widget_type=\"text-editor.default\">\n\t\t\t\t<div class=\"elementor-widget-container\">\n\t\t\t\t\t\t\t\t\t<h3 class=\"elementor-image-box-title\" style=\"text-align: center;\">AGENTE DE MESA DE SERVICIOS INFORM\u00c1TICOS<\/h3><p class=\"elementor-image-box-description\" style=\"text-align: center;\">MODALIDAD: E-learning<\/p>\t\t\t\t\t\t\t\t<\/div>\n\t\t\t\t<\/div>\n\t\t\t\t\t<\/div>\n\t\t<\/div>\n\t\t\t\t<div class=\"elementor-column elementor-col-33 elementor-top-column elementor-element elementor-element-dabf90a\" data-id=\"dabf90a\" data-element_type=\"column\">\n\t\t\t<div class=\"elementor-widget-wrap elementor-element-populated\">\n\t\t\t\t\t\t<div class=\"elementor-element elementor-element-3cd8ba3 elementor-widget elementor-widget-text-editor\" data-id=\"3cd8ba3\" data-element_type=\"widget\" data-widget_type=\"text-editor.default\">\n\t\t\t\t<div class=\"elementor-widget-container\">\n\t\t\t\t\t\t\t\t\t<h3 class=\"elementor-image-box-title\" style=\"text-align: center;\">COMERCIO EXTERIOR Y TRANSPORTE INTERNACIONAL<\/h3><p class=\"elementor-image-box-description\" style=\"text-align: center;\">MODALIDAD: E-learning<\/p>\t\t\t\t\t\t\t\t<\/div>\n\t\t\t\t<\/div>\n\t\t\t\t\t<\/div>\n\t\t<\/div>\n\t\t\t\t<div class=\"elementor-column elementor-col-33 elementor-top-column elementor-element elementor-element-27dc703\" data-id=\"27dc703\" data-element_type=\"column\">\n\t\t\t<div class=\"elementor-widget-wrap elementor-element-populated\">\n\t\t\t\t\t\t<div class=\"elementor-element elementor-element-bef09f2 elementor-widget elementor-widget-text-editor\" data-id=\"bef09f2\" data-element_type=\"widget\" data-widget_type=\"text-editor.default\">\n\t\t\t\t<div class=\"elementor-widget-container\">\n\t\t\t\t\t\t\t\t\t<h3 class=\"elementor-image-box-title\" style=\"text-align: center;\">LOG\u00cdSTICA ADMINISTRATIVA<\/h3><p class=\"elementor-image-box-description\" style=\"text-align: center;\">MODALIDAD: E-learning<\/p>\t\t\t\t\t\t\t\t<\/div>\n\t\t\t\t<\/div>\n\t\t\t\t\t<\/div>\n\t\t<\/div>\n\t\t\t\t\t<\/div>\n\t\t<\/section>\n\t\t\t\t<section class=\"elementor-section elementor-top-section elementor-element elementor-element-ca17e3c elementor-section-boxed elementor-section-height-default elementor-section-height-default\" data-id=\"ca17e3c\" data-element_type=\"section\">\n\t\t\t\t\t\t<div class=\"elementor-container elementor-column-gap-default\">\n\t\t\t\t\t<div class=\"elementor-column elementor-col-33 elementor-top-column elementor-element elementor-element-7ce9a68\" data-id=\"7ce9a68\" data-element_type=\"column\">\n\t\t\t<div class=\"elementor-widget-wrap elementor-element-populated\">\n\t\t\t\t\t\t<div class=\"elementor-element elementor-element-c20fe93 elementor-widget elementor-widget-image\" data-id=\"c20fe93\" data-element_type=\"widget\" data-widget_type=\"image.default\">\n\t\t\t\t<div class=\"elementor-widget-container\">\n\t\t\t\t\t\t\t\t\t\t\t\t\t\t\t<img loading=\"lazy\" decoding=\"async\" width=\"357\" height=\"219\" src=\"https:\/\/www.caitec.org\/w\/wp-content\/uploads\/2024\/08\/sist-ref-mini.jpg\" class=\"attachment-large size-large wp-image-9880\" alt=\"\" srcset=\"https:\/\/www.caitec.org\/w\/wp-content\/uploads\/2024\/08\/sist-ref-mini.jpg 357w, https:\/\/www.caitec.org\/w\/wp-content\/uploads\/2024\/08\/sist-ref-mini-300x184.jpg 300w\" sizes=\"(max-width: 357px) 100vw, 357px\" \/>\t\t\t\t\t\t\t\t\t\t\t\t\t\t\t<\/div>\n\t\t\t\t<\/div>\n\t\t\t\t\t<\/div>\n\t\t<\/div>\n\t\t\t\t<div class=\"elementor-column elementor-col-33 elementor-top-column elementor-element elementor-element-9cd465f\" data-id=\"9cd465f\" data-element_type=\"column\">\n\t\t\t<div class=\"elementor-widget-wrap elementor-element-populated\">\n\t\t\t\t\t\t<div class=\"elementor-element elementor-element-1578848 elementor-widget elementor-widget-image\" data-id=\"1578848\" data-element_type=\"widget\" data-widget_type=\"image.default\">\n\t\t\t\t<div class=\"elementor-widget-container\">\n\t\t\t\t\t\t\t\t\t\t\t\t\t\t\t<img loading=\"lazy\" decoding=\"async\" width=\"357\" height=\"219\" src=\"https:\/\/www.caitec.org\/w\/wp-content\/uploads\/2024\/08\/mttoredes-mini.jpg\" class=\"attachment-large size-large wp-image-9884\" alt=\"\" srcset=\"https:\/\/www.caitec.org\/w\/wp-content\/uploads\/2024\/08\/mttoredes-mini.jpg 357w, https:\/\/www.caitec.org\/w\/wp-content\/uploads\/2024\/08\/mttoredes-mini-300x184.jpg 300w\" sizes=\"(max-width: 357px) 100vw, 357px\" \/>\t\t\t\t\t\t\t\t\t\t\t\t\t\t\t<\/div>\n\t\t\t\t<\/div>\n\t\t\t\t\t<\/div>\n\t\t<\/div>\n\t\t\t\t<div class=\"elementor-column elementor-col-33 elementor-top-column elementor-element elementor-element-76e847d\" data-id=\"76e847d\" data-element_type=\"column\">\n\t\t\t<div class=\"elementor-widget-wrap elementor-element-populated\">\n\t\t\t\t\t\t<div class=\"elementor-element elementor-element-0d90389 elementor-widget elementor-widget-image\" data-id=\"0d90389\" data-element_type=\"widget\" data-widget_type=\"image.default\">\n\t\t\t\t<div class=\"elementor-widget-container\">\n\t\t\t\t\t\t\t\t\t\t\t\t\t\t\t<img loading=\"lazy\" decoding=\"async\" width=\"357\" height=\"219\" src=\"https:\/\/www.caitec.org\/w\/wp-content\/uploads\/2024\/08\/op-excavadora-mini.jpg\" class=\"attachment-large size-large wp-image-9885\" alt=\"\" srcset=\"https:\/\/www.caitec.org\/w\/wp-content\/uploads\/2024\/08\/op-excavadora-mini.jpg 357w, https:\/\/www.caitec.org\/w\/wp-content\/uploads\/2024\/08\/op-excavadora-mini-300x184.jpg 300w\" sizes=\"(max-width: 357px) 100vw, 357px\" \/>\t\t\t\t\t\t\t\t\t\t\t\t\t\t\t<\/div>\n\t\t\t\t<\/div>\n\t\t\t\t\t<\/div>\n\t\t<\/div>\n\t\t\t\t\t<\/div>\n\t\t<\/section>\n\t\t\t\t<section class=\"elementor-section elementor-top-section elementor-element elementor-element-ace7a3e elementor-section-boxed elementor-section-height-default elementor-section-height-default\" data-id=\"ace7a3e\" data-element_type=\"section\">\n\t\t\t\t\t\t<div class=\"elementor-container elementor-column-gap-default\">\n\t\t\t\t\t<div class=\"elementor-column elementor-col-33 elementor-top-column elementor-element elementor-element-5bdfedb\" data-id=\"5bdfedb\" data-element_type=\"column\">\n\t\t\t<div class=\"elementor-widget-wrap elementor-element-populated\">\n\t\t\t\t\t\t<div class=\"elementor-element elementor-element-b6d28fc elementor-widget elementor-widget-text-editor\" data-id=\"b6d28fc\" data-element_type=\"widget\" data-widget_type=\"text-editor.default\">\n\t\t\t\t<div class=\"elementor-widget-container\">\n\t\t\t\t\t\t\t\t\t<h3 class=\"elementor-image-box-title\" style=\"text-align: center;\">MANTENCI\u00d3N DE SISTEMAS DE REFRIGERACI\u00d3N<\/h3><p class=\"elementor-image-box-description\" style=\"text-align: center;\">MODALIDAD: Presencial<\/p>\t\t\t\t\t\t\t\t<\/div>\n\t\t\t\t<\/div>\n\t\t\t\t\t<\/div>\n\t\t<\/div>\n\t\t\t\t<div class=\"elementor-column elementor-col-33 elementor-top-column elementor-element elementor-element-0347f65\" data-id=\"0347f65\" data-element_type=\"column\">\n\t\t\t<div class=\"elementor-widget-wrap elementor-element-populated\">\n\t\t\t\t\t\t<div class=\"elementor-element elementor-element-6d3e2e8 elementor-widget elementor-widget-text-editor\" data-id=\"6d3e2e8\" data-element_type=\"widget\" data-widget_type=\"text-editor.default\">\n\t\t\t\t<div class=\"elementor-widget-container\">\n\t\t\t\t\t\t\t\t\t<h3 class=\"elementor-image-box-title\" style=\"text-align: center;\">MANTENIMIENTO DE REDES E INFRAESTRUCTURA<\/h3><p class=\"elementor-image-box-description\" style=\"text-align: center;\">MODALIDAD: E-learning<\/p>\t\t\t\t\t\t\t\t<\/div>\n\t\t\t\t<\/div>\n\t\t\t\t\t<\/div>\n\t\t<\/div>\n\t\t\t\t<div class=\"elementor-column elementor-col-33 elementor-top-column elementor-element elementor-element-159fd6f\" data-id=\"159fd6f\" data-element_type=\"column\">\n\t\t\t<div class=\"elementor-widget-wrap elementor-element-populated\">\n\t\t\t\t\t\t<div class=\"elementor-element elementor-element-2863c8f elementor-widget elementor-widget-text-editor\" data-id=\"2863c8f\" data-element_type=\"widget\" data-widget_type=\"text-editor.default\">\n\t\t\t\t<div class=\"elementor-widget-container\">\n\t\t\t\t\t\t\t\t\t<h3 class=\"elementor-image-box-title\" style=\"text-align: center;\">OPERACI\u00d3N DE EXCAVADORA COMPACTA<\/h3><p class=\"elementor-image-box-description\" style=\"text-align: center;\">MODALIDAD: Presencial COMUNAS: Rancagua<\/p>\t\t\t\t\t\t\t\t<\/div>\n\t\t\t\t<\/div>\n\t\t\t\t\t<\/div>\n\t\t<\/div>\n\t\t\t\t\t<\/div>\n\t\t<\/section>\n\t\t\t\t<section class=\"elementor-section elementor-top-section elementor-element elementor-element-36bb3f4 elementor-section-boxed elementor-section-height-default elementor-section-height-default\" data-id=\"36bb3f4\" data-element_type=\"section\">\n\t\t\t\t\t\t<div class=\"elementor-container elementor-column-gap-default\">\n\t\t\t\t\t<div class=\"elementor-column elementor-col-33 elementor-top-column elementor-element elementor-element-95cfa04\" data-id=\"95cfa04\" data-element_type=\"column\">\n\t\t\t<div class=\"elementor-widget-wrap elementor-element-populated\">\n\t\t\t\t\t\t<div class=\"elementor-element elementor-element-752a796 elementor-widget elementor-widget-image\" data-id=\"752a796\" data-element_type=\"widget\" data-widget_type=\"image.default\">\n\t\t\t\t<div class=\"elementor-widget-container\">\n\t\t\t\t\t\t\t\t\t\t\t\t\t\t\t<img loading=\"lazy\" decoding=\"async\" width=\"357\" height=\"219\" src=\"https:\/\/www.caitec.org\/w\/wp-content\/uploads\/2024\/08\/recepcion-mini.jpg\" class=\"attachment-large size-large wp-image-9889\" alt=\"\" srcset=\"https:\/\/www.caitec.org\/w\/wp-content\/uploads\/2024\/08\/recepcion-mini.jpg 357w, https:\/\/www.caitec.org\/w\/wp-content\/uploads\/2024\/08\/recepcion-mini-300x184.jpg 300w\" sizes=\"(max-width: 357px) 100vw, 357px\" \/>\t\t\t\t\t\t\t\t\t\t\t\t\t\t\t<\/div>\n\t\t\t\t<\/div>\n\t\t\t\t\t<\/div>\n\t\t<\/div>\n\t\t\t\t<div class=\"elementor-column elementor-col-33 elementor-top-column elementor-element elementor-element-9fc79f2\" data-id=\"9fc79f2\" data-element_type=\"column\">\n\t\t\t<div class=\"elementor-widget-wrap elementor-element-populated\">\n\t\t\t\t\t\t<div class=\"elementor-element elementor-element-af4c59a elementor-widget elementor-widget-image\" data-id=\"af4c59a\" data-element_type=\"widget\" data-widget_type=\"image.default\">\n\t\t\t\t<div class=\"elementor-widget-container\">\n\t\t\t\t\t\t\t\t\t\t\t\t\t\t\t<img loading=\"lazy\" decoding=\"async\" width=\"357\" height=\"219\" src=\"https:\/\/www.caitec.org\/w\/wp-content\/uploads\/2024\/08\/sup-retail-mini.jpg\" class=\"attachment-large size-large wp-image-9890\" alt=\"\" srcset=\"https:\/\/www.caitec.org\/w\/wp-content\/uploads\/2024\/08\/sup-retail-mini.jpg 357w, https:\/\/www.caitec.org\/w\/wp-content\/uploads\/2024\/08\/sup-retail-mini-300x184.jpg 300w\" sizes=\"(max-width: 357px) 100vw, 357px\" \/>\t\t\t\t\t\t\t\t\t\t\t\t\t\t\t<\/div>\n\t\t\t\t<\/div>\n\t\t\t\t\t<\/div>\n\t\t<\/div>\n\t\t\t\t<div class=\"elementor-column elementor-col-33 elementor-top-column elementor-element elementor-element-a7f4107\" data-id=\"a7f4107\" data-element_type=\"column\">\n\t\t\t<div class=\"elementor-widget-wrap elementor-element-populated\">\n\t\t\t\t\t\t<div class=\"elementor-element elementor-element-68ab45b elementor-widget elementor-widget-image\" data-id=\"68ab45b\" data-element_type=\"widget\" data-widget_type=\"image.default\">\n\t\t\t\t<div class=\"elementor-widget-container\">\n\t\t\t\t\t\t\t\t\t\t\t\t\t\t\t<img loading=\"lazy\" decoding=\"async\" width=\"357\" height=\"219\" src=\"https:\/\/www.caitec.org\/w\/wp-content\/uploads\/2024\/08\/sup-log-mini.jpg\" class=\"attachment-large size-large wp-image-9891\" alt=\"\" srcset=\"https:\/\/www.caitec.org\/w\/wp-content\/uploads\/2024\/08\/sup-log-mini.jpg 357w, https:\/\/www.caitec.org\/w\/wp-content\/uploads\/2024\/08\/sup-log-mini-300x184.jpg 300w\" sizes=\"(max-width: 357px) 100vw, 357px\" \/>\t\t\t\t\t\t\t\t\t\t\t\t\t\t\t<\/div>\n\t\t\t\t<\/div>\n\t\t\t\t\t<\/div>\n\t\t<\/div>\n\t\t\t\t\t<\/div>\n\t\t<\/section>\n\t\t\t\t<section class=\"elementor-section elementor-top-section elementor-element elementor-element-61a4d74 elementor-section-boxed elementor-section-height-default elementor-section-height-default\" data-id=\"61a4d74\" data-element_type=\"section\">\n\t\t\t\t\t\t<div class=\"elementor-container elementor-column-gap-default\">\n\t\t\t\t\t<div class=\"elementor-column elementor-col-33 elementor-top-column elementor-element elementor-element-3f4b207\" data-id=\"3f4b207\" data-element_type=\"column\">\n\t\t\t<div class=\"elementor-widget-wrap elementor-element-populated\">\n\t\t\t\t\t\t<div class=\"elementor-element elementor-element-b282ae5 elementor-widget elementor-widget-text-editor\" data-id=\"b282ae5\" data-element_type=\"widget\" data-widget_type=\"text-editor.default\">\n\t\t\t\t<div class=\"elementor-widget-container\">\n\t\t\t\t\t\t\t\t\t<h3 class=\"elementor-image-box-title\" style=\"text-align: center;\">RECEPCI\u00d3N DE PRODUCTOS, CARGA O UNIDADES LOG\u00cdSTICAS EN CENTROS DE DISTRIBUCI\u00d3N Y TRANSFERENCIA<\/h3><p class=\"elementor-image-box-description\" style=\"text-align: center;\">MODALIDAD: E-learning<\/p>\t\t\t\t\t\t\t\t<\/div>\n\t\t\t\t<\/div>\n\t\t\t\t\t<\/div>\n\t\t<\/div>\n\t\t\t\t<div class=\"elementor-column elementor-col-33 elementor-top-column elementor-element elementor-element-ba457c8\" data-id=\"ba457c8\" data-element_type=\"column\">\n\t\t\t<div class=\"elementor-widget-wrap elementor-element-populated\">\n\t\t\t\t\t\t<div class=\"elementor-element elementor-element-b1c06d8 elementor-widget elementor-widget-text-editor\" data-id=\"b1c06d8\" data-element_type=\"widget\" data-widget_type=\"text-editor.default\">\n\t\t\t\t<div class=\"elementor-widget-container\">\n\t\t\t\t\t\t\t\t\t<h3 class=\"elementor-image-box-title\" style=\"text-align: center;\">SUPERVISI\u00d3N DE OPERACIONES DE VENTAS EN TIENDAS POR DEPARTAMENTOS<\/h3><p class=\"elementor-image-box-description\" style=\"text-align: center;\">MODALIDAD: E-learning<\/p>\t\t\t\t\t\t\t\t<\/div>\n\t\t\t\t<\/div>\n\t\t\t\t\t<\/div>\n\t\t<\/div>\n\t\t\t\t<div class=\"elementor-column elementor-col-33 elementor-top-column elementor-element elementor-element-56655c3\" data-id=\"56655c3\" data-element_type=\"column\">\n\t\t\t<div class=\"elementor-widget-wrap elementor-element-populated\">\n\t\t\t\t\t\t<div class=\"elementor-element elementor-element-0571c5d elementor-widget elementor-widget-text-editor\" data-id=\"0571c5d\" data-element_type=\"widget\" data-widget_type=\"text-editor.default\">\n\t\t\t\t<div class=\"elementor-widget-container\">\n\t\t\t\t\t\t\t\t\t<h3 class=\"elementor-image-box-title\" style=\"text-align: center;\">SUPERVISI\u00d3N DE OPERACIONES LOG\u00cdSTICAS<\/h3><p class=\"elementor-image-box-description\" style=\"text-align: center;\">MODALIDAD: E-learning<\/p>\t\t\t\t\t\t\t\t<\/div>\n\t\t\t\t<\/div>\n\t\t\t\t\t<\/div>\n\t\t<\/div>\n\t\t\t\t\t<\/div>\n\t\t<\/section>\n\t\t\t\t<\/div>\n\t\t","protected":false},"excerpt":{"rendered":"<p>AGENTE DE MESA DE SERVICIOS INFORM\u00c1TICOS MODALIDAD: E-learning COMERCIO EXTERIOR Y TRANSPORTE INTERNACIONAL MODALIDAD: E-learning LOG\u00cdSTICA ADMINISTRATIVA MODALIDAD: E-learning MANTENCI\u00d3N DE SISTEMAS DE REFRIGERACI\u00d3N MODALIDAD: Presencial MANTENIMIENTO DE REDES E [&hellip;]<\/p>\n","protected":false},"author":1,"featured_media":0,"parent":0,"menu_order":0,"comment_status":"closed","ping_status":"closed","template":"","meta":{"footnotes":""},"class_list":["post-9866","page","type-page","status-publish","hentry"],"_links":{"self":[{"href":"https:\/\/www.caitec.org\/w\/wp-json\/wp\/v2\/pages\/9866","targetHints":{"allow":["GET"]}}],"collection":[{"href":"https:\/\/www.caitec.org\/w\/wp-json\/wp\/v2\/pages"}],"about":[{"href":"https:\/\/www.caitec.org\/w\/wp-json\/wp\/v2\/types\/page"}],"author":[{"embeddable":true,"href":"https:\/\/www.caitec.org\/w\/wp-json\/wp\/v2\/users\/1"}],"replies":[{"embeddable":true,"href":"https:\/\/www.caitec.org\/w\/wp-json\/wp\/v2\/comments?post=9866"}],"version-history":[{"count":19,"href":"https:\/\/www.caitec.org\/w\/wp-json\/wp\/v2\/pages\/9866\/revisions"}],"predecessor-version":[{"id":9894,"href":"https:\/\/www.caitec.org\/w\/wp-json\/wp\/v2\/pages\/9866\/revisions\/9894"}],"wp:attachment":[{"href":"https:\/\/www.caitec.org\/w\/wp-json\/wp\/v2\/media?parent=9866"}],"curies":[{"name":"wp","href":"https:\/\/api.w.org\/{rel}","templated":true}]}}