{"id":9832,"date":"2024-08-05T20:12:20","date_gmt":"2024-08-05T20:12:20","guid":{"rendered":"https:\/\/www.caitec.org\/w\/?page_id=9832"},"modified":"2024-08-05T20:15:11","modified_gmt":"2024-08-05T20:15:11","slug":"politica-de-la-calidad","status":"publish","type":"page","link":"https:\/\/www.caitec.org\/w\/politica-de-la-calidad\/","title":{"rendered":"POL\u00cdTICA DE LA CALIDAD"},"content":{"rendered":"\t\t<div data-elementor-type=\"wp-page\" data-elementor-id=\"9832\" class=\"elementor elementor-9832\" data-elementor-post-type=\"page\">\n\t\t\t\t\t\t<section class=\"elementor-section elementor-top-section elementor-element elementor-element-d0a3842 elementor-section-boxed elementor-section-height-default elementor-section-height-default\" data-id=\"d0a3842\" data-element_type=\"section\">\n\t\t\t\t\t\t<div class=\"elementor-container elementor-column-gap-default\">\n\t\t\t\t\t<div class=\"elementor-column elementor-col-50 elementor-top-column elementor-element elementor-element-9a7f90f\" data-id=\"9a7f90f\" data-element_type=\"column\">\n\t\t\t<div class=\"elementor-widget-wrap elementor-element-populated\">\n\t\t\t\t\t\t<div class=\"elementor-element elementor-element-8ea58cc elementor-widget elementor-widget-text-editor\" data-id=\"8ea58cc\" data-element_type=\"widget\" data-widget_type=\"text-editor.default\">\n\t\t\t\t<div class=\"elementor-widget-container\">\n\t\t\t\t\t\t\t\t\t<p>Somos un organismo t\u00e9cnico de capacitaci\u00f3n. Contamos con un Sistema de Gesti\u00f3n de la Calidad basado en las norma Nch2728-2015, asimismo cumplimos con los requisitos solicitados por nuestros clientes, legales y reglamentarios aplicables, los cuales son revisados constantemente y verificados por nuestro personal a objeto de corregir las desviaciones que pudiesen presentarse. Los miembros de nuestra organizaci\u00f3n son capacitados de manera constante, con el objetivo de proporcionar un servicio de primera calidad. Obtenemos retroalimentaci\u00f3n de nuestros clientes, tanto empresas como alumnos, por medio de la realizaci\u00f3n de encuestas que son analizadas, de esta forma buscamos alcanzar un alto nivel de concreci\u00f3n en nuestras cotizaciones. Nuestra pol\u00edtica es comunicada y se verifica el entendimiento de la misma por diversas metodolog\u00edas establecidas por nuestra organizaci\u00f3n, asimismo es revisada constantemente para su continua adecuaci\u00f3n.<\/p>\t\t\t\t\t\t\t\t<\/div>\n\t\t\t\t<\/div>\n\t\t\t\t\t<\/div>\n\t\t<\/div>\n\t\t\t\t<div class=\"elementor-column elementor-col-50 elementor-top-column elementor-element elementor-element-2e4fb99\" data-id=\"2e4fb99\" data-element_type=\"column\">\n\t\t\t<div class=\"elementor-widget-wrap elementor-element-populated\">\n\t\t\t\t\t\t<div class=\"elementor-element elementor-element-228cc43 elementor-widget elementor-widget-image\" data-id=\"228cc43\" data-element_type=\"widget\" data-widget_type=\"image.default\">\n\t\t\t\t<div class=\"elementor-widget-container\">\n\t\t\t\t\t\t\t\t\t\t\t\t\t\t\t<img fetchpriority=\"high\" decoding=\"async\" width=\"640\" height=\"449\" src=\"https:\/\/www.caitec.org\/w\/wp-content\/uploads\/2024\/08\/NCH2728-Certificado.png\" class=\"attachment-large size-large wp-image-9835\" alt=\"\" srcset=\"https:\/\/www.caitec.org\/w\/wp-content\/uploads\/2024\/08\/NCH2728-Certificado.png 903w, https:\/\/www.caitec.org\/w\/wp-content\/uploads\/2024\/08\/NCH2728-Certificado-300x211.png 300w, https:\/\/www.caitec.org\/w\/wp-content\/uploads\/2024\/08\/NCH2728-Certificado-768x539.png 768w\" sizes=\"(max-width: 640px) 100vw, 640px\" \/>\t\t\t\t\t\t\t\t\t\t\t\t\t\t\t<\/div>\n\t\t\t\t<\/div>\n\t\t\t\t\t<\/div>\n\t\t<\/div>\n\t\t\t\t\t<\/div>\n\t\t<\/section>\n\t\t\t\t<\/div>\n\t\t","protected":false},"excerpt":{"rendered":"<p>Somos un organismo t\u00e9cnico de capacitaci\u00f3n. Contamos con un Sistema de Gesti\u00f3n de la Calidad basado en las norma Nch2728-2015, asimismo cumplimos con los requisitos solicitados por nuestros clientes, legales [&hellip;]<\/p>\n","protected":false},"author":1,"featured_media":0,"parent":0,"menu_order":0,"comment_status":"closed","ping_status":"closed","template":"","meta":{"footnotes":""},"class_list":["post-9832","page","type-page","status-publish","hentry"],"_links":{"self":[{"href":"https:\/\/www.caitec.org\/w\/wp-json\/wp\/v2\/pages\/9832","targetHints":{"allow":["GET"]}}],"collection":[{"href":"https:\/\/www.caitec.org\/w\/wp-json\/wp\/v2\/pages"}],"about":[{"href":"https:\/\/www.caitec.org\/w\/wp-json\/wp\/v2\/types\/page"}],"author":[{"embeddable":true,"href":"https:\/\/www.caitec.org\/w\/wp-json\/wp\/v2\/users\/1"}],"replies":[{"embeddable":true,"href":"https:\/\/www.caitec.org\/w\/wp-json\/wp\/v2\/comments?post=9832"}],"version-history":[{"count":4,"href":"https:\/\/www.caitec.org\/w\/wp-json\/wp\/v2\/pages\/9832\/revisions"}],"predecessor-version":[{"id":9838,"href":"https:\/\/www.caitec.org\/w\/wp-json\/wp\/v2\/pages\/9832\/revisions\/9838"}],"wp:attachment":[{"href":"https:\/\/www.caitec.org\/w\/wp-json\/wp\/v2\/media?parent=9832"}],"curies":[{"name":"wp","href":"https:\/\/api.w.org\/{rel}","templated":true}]}}